{"id":941,"date":"2021-05-28T11:43:47","date_gmt":"2021-05-28T09:43:47","guid":{"rendered":"https:\/\/www.go-learner.com\/?page_id=941"},"modified":"2021-08-29T00:32:08","modified_gmt":"2021-08-28T22:32:08","slug":"enrolment-form","status":"publish","type":"page","link":"https:\/\/www.go-learner.com\/es\/contact\/enrolment-form\/","title":{"rendered":"Formulario de Pre-inscripci\u00f3n"},"content":{"rendered":"<p>Si estas interesado en clases de ingl\u00e9s para ti o tu familia, por favor, rellena este formulario para indicar tu inter\u00e9s y as\u00ed poder tenerlo en cuenta en nuestra planificaci\u00f3n de clases y niveles.<\/p>\n\n\n\n<p>Una vez procesado el formulario, te contactaremos para informarte de las clases y huecos disponibles. <\/p>\n\n\n<p><iframe loading=\"lazy\" src=\"https:\/\/docs.google.com\/forms\/d\/e\/1FAIpQLSerBf76AjoTTxXm9qN1Yf2ePDqmFsoR3bvPZ72_iGLqgCdkvg\/viewform?embedded=true\" width=\"640\" height=\"2880\" frameborder=\"0\" marginwidth=\"0\" marginheight=\"0\">Cargando\u2026<\/iframe><\/p>","protected":false},"excerpt":{"rendered":"<p>If you are interested in English classes for you or family members, please fill out this form so we can take the information provided into account when planning and scheduling classes. Once we have the form processed, we will contact you to confirm the time and class availability. Cargando\u2026<\/p>","protected":false},"author":2,"featured_media":0,"parent":660,"menu_order":0,"comment_status":"closed","ping_status":"closed","template":"","meta":{"_monsterinsights_skip_tracking":false,"_monsterinsights_sitenote_active":false,"_monsterinsights_sitenote_note":"","_monsterinsights_sitenote_category":0,"footnotes":""},"class_list":["post-941","page","type-page","status-publish","hentry"],"aioseo_notices":[],"featured_image_urls_v2":{"full":"","thumbnail":"","medium":"","medium_large":"","large":"","1536x1536":"","2048x2048":"","trp-custom-language-flag":"","post-thumbnail":"","sow-carousel-default":""},"post_excerpt_stackable_v2":"<p>If you are interested in English classes for you or family members, please fill out this form so we can take the information provided into account when planning and scheduling classes. Once we have the form processed, we will contact you to confirm the time and class availability. Cargando\u2026<\/p>\n","category_list_v2":"","author_info_v2":{"name":"Dani Domeque","url":"https:\/\/www.go-learner.com\/es\/author\/dani\/"},"comments_num_v2":"0 comentarios","jetpack_sharing_enabled":true,"_links":{"self":[{"href":"https:\/\/www.go-learner.com\/es\/wp-json\/wp\/v2\/pages\/941","targetHints":{"allow":["GET"]}}],"collection":[{"href":"https:\/\/www.go-learner.com\/es\/wp-json\/wp\/v2\/pages"}],"about":[{"href":"https:\/\/www.go-learner.com\/es\/wp-json\/wp\/v2\/types\/page"}],"author":[{"embeddable":true,"href":"https:\/\/www.go-learner.com\/es\/wp-json\/wp\/v2\/users\/2"}],"replies":[{"embeddable":true,"href":"https:\/\/www.go-learner.com\/es\/wp-json\/wp\/v2\/comments?post=941"}],"version-history":[{"count":11,"href":"https:\/\/www.go-learner.com\/es\/wp-json\/wp\/v2\/pages\/941\/revisions"}],"predecessor-version":[{"id":1070,"href":"https:\/\/www.go-learner.com\/es\/wp-json\/wp\/v2\/pages\/941\/revisions\/1070"}],"up":[{"embeddable":true,"href":"https:\/\/www.go-learner.com\/es\/wp-json\/wp\/v2\/pages\/660"}],"wp:attachment":[{"href":"https:\/\/www.go-learner.com\/es\/wp-json\/wp\/v2\/media?parent=941"}],"curies":[{"name":"wp","href":"https:\/\/api.w.org\/{rel}","templated":true}]}}