{"id":877,"date":"2021-05-13T22:24:22","date_gmt":"2021-05-13T20:24:22","guid":{"rendered":"https:\/\/www.go-learner.com\/?page_id=877"},"modified":"2021-05-14T20:01:23","modified_gmt":"2021-05-14T18:01:23","slug":"learning-videos","status":"publish","type":"page","link":"https:\/\/www.go-learner.com\/es\/learning-videos\/","title":{"rendered":"V\u00eddeos Educativos"},"content":{"rendered":"<p class=\"has-medium-font-size\"><span style=\"color: #023a5a;\" class=\"ugb-highlight\">Hemos creado una serie de v\u00eddeos que os ayudar\u00e1n en la preparaci\u00f3n de mon\u00f3logos y di\u00e1logos de examen, os proporcionar\u00e1n vocabulario en los diferentes temas y os ayudar\u00e1n a mejorar el o\u00eddo y la pronunciaci\u00f3n.&nbsp;<\/span><\/p>\n\n\n\n<hr class=\"wp-block-separator\"\/>\n\n\n\n<p class=\"has-medium-font-size\"><span style=\"color: #023a5a;\" class=\"ugb-highlight\">Para acceder a los v\u00eddeos, haz click en las siguientes categor\u00edas:<\/span>:<\/p>\n\n\n<style>.wp-block-kadence-iconlist.kt-svg-icon-list-items_cbcae4-36:not(.this-stops-third-party-issues){margin-top:0px;margin-bottom:0px;}.wp-block-kadence-iconlist.kt-svg-icon-list-items_cbcae4-36 ul.kt-svg-icon-list:not(.this-prevents-issues):not(.this-stops-third-party-issues):not(.tijsloc){margin-top:0px;margin-right:0px;margin-bottom:var(--global-kb-spacing-sm, 1.5rem);margin-left:0px;}.wp-block-kadence-iconlist.kt-svg-icon-list-items_cbcae4-36 ul.kt-svg-icon-list{grid-row-gap:5px;}.wp-block-kadence-iconlist.kt-svg-icon-list-items_cbcae4-36 ul.kt-svg-icon-list .kt-svg-icon-list-item-wrap .kt-svg-icon-list-single{margin-right:10px;}.kt-svg-icon-list-items_cbcae4-36 ul.kt-svg-icon-list .kt-svg-icon-list-item-wrap, .kt-svg-icon-list-items_cbcae4-36 ul.kt-svg-icon-list .kt-svg-icon-list-item-wrap a{font-size:18px;}.kt-svg-icon-list-items_cbcae4-36 ul.kt-svg-icon-list .kt-svg-icon-list-level-0 .kt-svg-icon-list-single svg{font-size:20px;}.kt-svg-icon-list-items_cbcae4-36 ul.kt-svg-icon-list .kt-svg-icon-list-level-1 .kt-svg-icon-list-single svg{font-size:20px;}.kt-svg-icon-list-items_cbcae4-36 ul.kt-svg-icon-list .kt-svg-icon-list-level-2 .kt-svg-icon-list-single svg{font-size:20px;}<\/style>\n<div class=\"wp-block-kadence-iconlist kt-svg-icon-list-items kt-svg-icon-list-items_cbcae4-36 kt-svg-icon-list-columns-1 alignnone\"><ul class=\"kt-svg-icon-list\"><li class=\"kt-svg-icon-list-style-default kt-svg-icon-list-item-wrap kt-svg-icon-list-item-0\"><div style=\"display:inline-flex;justify-content:center;align-items:center\" class=\"kt-svg-icon-list-single kt-svg-icon-list-single-fe_checkCircle\"><svg style=\"display:inline-block;vertical-align:middle\" viewbox=\"0 0 24 24\" height=\"20\" width=\"20\" fill=\"none\" stroke=\"currentColor\" xmlns=\"http:\/\/www.w3.org\/2000\/svg\" stroke-width=\"2\" stroke-linecap=\"round\" stroke-linejoin=\"round\"><path d=\"M22 11.08V12a10 10 0 1 1-5.93-9.14\"><\/path><polyline points=\"22 4 12 14.01 9 11.01\"><\/polyline><\/svg><\/div><span class=\"kt-svg-icon-list-text\"><a href=\"https:\/\/www.go-learner.com\/es\/dialogue-videos\/\" title=\"V\u00eddeos de Di\u00e1logos\">Di\u00e1logos<\/a><\/span><\/li><li class=\"kt-svg-icon-list-style-default kt-svg-icon-list-item-wrap kt-svg-icon-list-item-1\"><div style=\"display:inline-flex;justify-content:center;align-items:center\" class=\"kt-svg-icon-list-single kt-svg-icon-list-single-fe_checkCircle\"><svg style=\"display:inline-block;vertical-align:middle\" viewbox=\"0 0 24 24\" height=\"20\" width=\"20\" fill=\"none\" stroke=\"currentColor\" xmlns=\"http:\/\/www.w3.org\/2000\/svg\" stroke-width=\"2\" stroke-linecap=\"round\" stroke-linejoin=\"round\"><path d=\"M22 11.08V12a10 10 0 1 1-5.93-9.14\"><\/path><polyline points=\"22 4 12 14.01 9 11.01\"><\/polyline><\/svg><\/div><span class=\"kt-svg-icon-list-text\"><a href=\"https:\/\/www.go-learner.com\/es\/monologue-videos\/\" title=\"V\u00eddeos de Mon\u00f3logos\">Mon\u00f3logos<\/a><\/span><\/li><li class=\"kt-svg-icon-list-style-default kt-svg-icon-list-item-wrap kt-svg-icon-list-item-2\"><div style=\"display:inline-flex;justify-content:center;align-items:center\" class=\"kt-svg-icon-list-single kt-svg-icon-list-single-fe_checkCircle\"><svg style=\"display:inline-block;vertical-align:middle\" viewbox=\"0 0 24 24\" height=\"20\" width=\"20\" fill=\"none\" stroke=\"currentColor\" xmlns=\"http:\/\/www.w3.org\/2000\/svg\" stroke-width=\"2\" stroke-linecap=\"round\" stroke-linejoin=\"round\"><path d=\"M22 11.08V12a10 10 0 1 1-5.93-9.14\"><\/path><polyline points=\"22 4 12 14.01 9 11.01\"><\/polyline><\/svg><\/div><span class=\"kt-svg-icon-list-text\"><a href=\"https:\/\/www.go-learner.com\/es\/vocabulary-videos\/\" title=\"V\u00eddeos de Vocabulario\">Vocabulario<\/a><\/span><\/li><\/ul><\/div>\n\n\n\n<p><\/p>","protected":false},"excerpt":{"rendered":"<p>We have created a set of videos that will help in exam preparation for dialogues and monologues, will build vocabulary and improve your listening and pronunciation.&nbsp; To access the videos, click on the following categories:<\/p>","protected":false},"author":2,"featured_media":0,"parent":0,"menu_order":0,"comment_status":"closed","ping_status":"closed","template":"","meta":{"_monsterinsights_skip_tracking":false,"_monsterinsights_sitenote_active":false,"_monsterinsights_sitenote_note":"","_monsterinsights_sitenote_category":0,"footnotes":""},"class_list":["post-877","page","type-page","status-publish","hentry"],"aioseo_notices":[],"featured_image_urls_v2":{"full":"","thumbnail":"","medium":"","medium_large":"","large":"","1536x1536":"","2048x2048":"","trp-custom-language-flag":"","post-thumbnail":"","sow-carousel-default":""},"post_excerpt_stackable_v2":"<p>We have created a set of videos that will help in exam preparation for dialogues and monologues, will build vocabulary and improve your listening and pronunciation.&nbsp; To access the videos, click on the following categories: DialoguesMonologuesVocabulary Building<\/p>\n","category_list_v2":"","author_info_v2":{"name":"Dani Domeque","url":"https:\/\/www.go-learner.com\/es\/author\/dani\/"},"comments_num_v2":"0 comentarios","jetpack_sharing_enabled":true,"_links":{"self":[{"href":"https:\/\/www.go-learner.com\/es\/wp-json\/wp\/v2\/pages\/877","targetHints":{"allow":["GET"]}}],"collection":[{"href":"https:\/\/www.go-learner.com\/es\/wp-json\/wp\/v2\/pages"}],"about":[{"href":"https:\/\/www.go-learner.com\/es\/wp-json\/wp\/v2\/types\/page"}],"author":[{"embeddable":true,"href":"https:\/\/www.go-learner.com\/es\/wp-json\/wp\/v2\/users\/2"}],"replies":[{"embeddable":true,"href":"https:\/\/www.go-learner.com\/es\/wp-json\/wp\/v2\/comments?post=877"}],"version-history":[{"count":14,"href":"https:\/\/www.go-learner.com\/es\/wp-json\/wp\/v2\/pages\/877\/revisions"}],"predecessor-version":[{"id":932,"href":"https:\/\/www.go-learner.com\/es\/wp-json\/wp\/v2\/pages\/877\/revisions\/932"}],"wp:attachment":[{"href":"https:\/\/www.go-learner.com\/es\/wp-json\/wp\/v2\/media?parent=877"}],"curies":[{"name":"wp","href":"https:\/\/api.w.org\/{rel}","templated":true}]}}