{"id":867,"date":"2021-05-13T21:15:12","date_gmt":"2021-05-13T19:15:12","guid":{"rendered":"https:\/\/www.go-learner.com\/?page_id=867"},"modified":"2021-05-14T10:19:55","modified_gmt":"2021-05-14T08:19:55","slug":"dialogue-videos","status":"publish","type":"page","link":"https:\/\/www.go-learner.com\/es\/dialogue-videos\/","title":{"rendered":"V\u00eddeos de Di\u00e1logos"},"content":{"rendered":"<p class=\"has-medium-font-size\"><span style=\"color: #023a5a;\" class=\"ugb-highlight\">Estos v\u00eddeos ayudan en la preparaci\u00f3n de di\u00e1logos de examen, proporcionan vocabulario en los diferentes temas y ayudan a mejorar el o\u00eddo y la pronunciaci\u00f3n.&nbsp;<\/span><\/p>\n\n\n\n<div class=\"wp-block-ugb-heading ugb-heading ugb-9b11f9e ugb-main-block\"><style>.ugb-9b11f9e .ugb-heading__title{font-size:18px !important}.ugb-9b11f9e .ugb-heading__subtitle{font-size:25px !important}<\/style><div class=\"ugb-inner-block\"><div class=\"ugb-block-content\"><h2 class=\"ugb-heading__title\">V\u00eddeos del tema \"Organizando un evento\"<\/h2><\/div><\/div><\/div>\n\n\n\n<div class=\"wp-block-ugb-columns ugb-columns ugb-c03fee5 ugb-columns--design-plain ugb-columns--columns-2 ugb-main-block\"><div class=\"ugb-inner-block\"><div class=\"ugb-block-content\"><div class=\"ugb-columns__item ugb-c03fee5-content-wrapper\">\n<div class=\"wp-block-ugb-column ugb-column ugb-22c87d4 ugb-column--design-plain ugb-main-block\"><div class=\"ugb-inner-block\"><div class=\"ugb-block-content\"><div class=\"ugb-column__item ugb-22c87d4-column-wrapper\"><div class=\"ugb-column__content-wrapper\">\n<figure class=\"wp-block-embed is-type-video is-provider-youtube wp-block-embed-youtube wp-embed-aspect-16-9 wp-has-aspect-ratio\"><div class=\"wp-block-embed__wrapper\">\n<iframe loading=\"lazy\" title=\"Exam Dialogue Preparation: Organising an Event\" width=\"640\" height=\"360\" src=\"https:\/\/www.youtube.com\/embed\/ErJEN9ltNHA?feature=oembed\" frameborder=\"0\" allow=\"accelerometer; autoplay; clipboard-write; encrypted-media; gyroscope; picture-in-picture; web-share\" referrerpolicy=\"strict-origin-when-cross-origin\" allowfullscreen><\/iframe>\n<\/div><\/figure>\n<\/div><\/div><\/div><\/div><\/div>\n\n\n\n<div class=\"wp-block-ugb-column ugb-column ugb-775aa7e ugb-column--design-plain ugb-main-block\"><div class=\"ugb-inner-block\"><div class=\"ugb-block-content\"><div class=\"ugb-column__item ugb-775aa7e-column-wrapper\"><div class=\"ugb-column__content-wrapper\">\n<p style=\"font-size:18px\"><span style=\"color: #023a5a;\" class=\"ugb-highlight\">Puedes descargarte la ficha de ayuda del di\u00e1logo aqu\u00ed:<\/span><\/p>\n\n\n\n<div class=\"wp-block-file\"><a href=\"https:\/\/www.go-learner.com\/wp-content\/uploads\/2021\/05\/Organising-an-event.pdf\">Organising an event.pdf<\/a><a href=\"https:\/\/www.go-learner.com\/wp-content\/uploads\/2021\/05\/Organising-an-event.pdf\" class=\"wp-block-file__button\" download>Descargar<\/a><\/div>\n<\/div><\/div><\/div><\/div><\/div>\n<\/div><\/div><\/div><\/div>\n\n\n\n<div class=\"wp-block-ugb-heading ugb-heading ugb-7c19c25 ugb-main-block\"><style>.ugb-7c19c25 .ugb-heading__title{font-size:18px !important}.ugb-7c19c25 .ugb-heading__subtitle{font-size:25px !important}<\/style><div class=\"ugb-inner-block\"><div class=\"ugb-block-content\"><h2 class=\"ugb-heading__title\">V\u00eddeos del tema \"Hacerse vegetariano\"<\/h2><\/div><\/div><\/div>\n\n\n\n<div class=\"wp-block-ugb-columns ugb-columns ugb-3963f9f ugb-columns--design-plain ugb-columns--columns-2 ugb-main-block\"><div class=\"ugb-inner-block\"><div class=\"ugb-block-content\"><div class=\"ugb-columns__item ugb-3963f9f-content-wrapper\">\n<div class=\"wp-block-ugb-column ugb-column ugb-7c8b593 ugb-column--design-plain ugb-main-block\"><div class=\"ugb-inner-block\"><div class=\"ugb-block-content\"><div class=\"ugb-column__item ugb-7c8b593-column-wrapper\"><div class=\"ugb-column__content-wrapper\">\n<figure class=\"wp-block-embed is-type-video is-provider-youtube wp-block-embed-youtube wp-embed-aspect-16-9 wp-has-aspect-ratio\"><div class=\"wp-block-embed__wrapper\">\n<iframe loading=\"lazy\" title=\"Exam Dialogue Preparation: Becoming Vegetarian\" width=\"640\" height=\"360\" src=\"https:\/\/www.youtube.com\/embed\/JkzGCzYdsLY?feature=oembed\" frameborder=\"0\" allow=\"accelerometer; autoplay; clipboard-write; encrypted-media; gyroscope; picture-in-picture; web-share\" referrerpolicy=\"strict-origin-when-cross-origin\" allowfullscreen><\/iframe>\n<\/div><\/figure>\n<\/div><\/div><\/div><\/div><\/div>\n\n\n\n<div class=\"wp-block-ugb-column ugb-column ugb-b7fd0f9 ugb-column--design-plain ugb-main-block\"><div class=\"ugb-inner-block\"><div class=\"ugb-block-content\"><div class=\"ugb-column__item ugb-b7fd0f9-column-wrapper\"><div class=\"ugb-column__content-wrapper\">\n<p style=\"font-size:18px\"><span style=\"color: #023a5a;\" class=\"ugb-highlight\">Puedes descargarte la ficha de ayuda del di\u00e1logo aqu\u00ed:<\/span><\/p>\n\n\n\n<div class=\"wp-block-file\"><a href=\"https:\/\/www.go-learner.com\/wp-content\/uploads\/2021\/05\/Becoming-vegetarian.pdf\">Becoming vegetarian.pdf<\/a><a href=\"https:\/\/www.go-learner.com\/wp-content\/uploads\/2021\/05\/Becoming-vegetarian.pdf\" class=\"wp-block-file__button\" download>Descargar<\/a><\/div>\n<\/div><\/div><\/div><\/div><\/div>\n<\/div><\/div><\/div><\/div>\n\n\n\n<p><\/p>","protected":false},"excerpt":{"rendered":"<p>These videos will help in exam preparation of dialogues, will build vocabulary and improve your listening and pronunciation.&nbsp; Organising an Event Theme Videos You can download the &#8220;Organising an Event&#8221; dialogue help sheet from here: Becoming Vegetarian Theme Videos You can download the &#8220;Becoming vegetarian&#8221; dialogue help sheet from here:<\/p>","protected":false},"author":2,"featured_media":0,"parent":0,"menu_order":0,"comment_status":"closed","ping_status":"closed","template":"","meta":{"_monsterinsights_skip_tracking":false,"_monsterinsights_sitenote_active":false,"_monsterinsights_sitenote_note":"","_monsterinsights_sitenote_category":0,"footnotes":""},"class_list":["post-867","page","type-page","status-publish","hentry"],"aioseo_notices":[],"featured_image_urls_v2":{"full":"","thumbnail":"","medium":"","medium_large":"","large":"","1536x1536":"","2048x2048":"","trp-custom-language-flag":"","post-thumbnail":"","sow-carousel-default":""},"post_excerpt_stackable_v2":"<p>These videos will help in exam preparation of dialogues, will build vocabulary and improve your listening and pronunciation.&nbsp; Organising an Event Theme Videos You can download the &#8220;Organising an Event&#8221; dialogue help sheet from here: Organising an event.pdfDownload Becoming Vegetarian Theme Videos You can download the &#8220;Becoming vegetarian&#8221; dialogue help sheet from here: Becoming vegetarian.pdfDownload<\/p>\n","category_list_v2":"","author_info_v2":{"name":"Dani Domeque","url":"https:\/\/www.go-learner.com\/es\/author\/dani\/"},"comments_num_v2":"0 comentarios","jetpack_sharing_enabled":true,"_links":{"self":[{"href":"https:\/\/www.go-learner.com\/es\/wp-json\/wp\/v2\/pages\/867","targetHints":{"allow":["GET"]}}],"collection":[{"href":"https:\/\/www.go-learner.com\/es\/wp-json\/wp\/v2\/pages"}],"about":[{"href":"https:\/\/www.go-learner.com\/es\/wp-json\/wp\/v2\/types\/page"}],"author":[{"embeddable":true,"href":"https:\/\/www.go-learner.com\/es\/wp-json\/wp\/v2\/users\/2"}],"replies":[{"embeddable":true,"href":"https:\/\/www.go-learner.com\/es\/wp-json\/wp\/v2\/comments?post=867"}],"version-history":[{"count":8,"href":"https:\/\/www.go-learner.com\/es\/wp-json\/wp\/v2\/pages\/867\/revisions"}],"predecessor-version":[{"id":918,"href":"https:\/\/www.go-learner.com\/es\/wp-json\/wp\/v2\/pages\/867\/revisions\/918"}],"wp:attachment":[{"href":"https:\/\/www.go-learner.com\/es\/wp-json\/wp\/v2\/media?parent=867"}],"curies":[{"name":"wp","href":"https:\/\/api.w.org\/{rel}","templated":true}]}}