{"id":780,"date":"2021-03-02T23:06:37","date_gmt":"2021-03-02T22:06:37","guid":{"rendered":"https:\/\/www.go-learner.com\/?page_id=780"},"modified":"2021-05-14T20:11:55","modified_gmt":"2021-05-14T18:11:55","slug":"monologue-videos","status":"publish","type":"page","link":"https:\/\/www.go-learner.com\/es\/monologue-videos\/","title":{"rendered":"V\u00eddeos de Mon\u00f3logos"},"content":{"rendered":"<p class=\"has-medium-font-size\"><span style=\"color: #023a5a;\" class=\"ugb-highlight\">Estos v\u00eddeos ayudan en la preparaci\u00f3n de mon\u00f3logos de examen, proporcionan vocabulario en los diferentes temas y ayudan a mejorar el o\u00eddo y la pronunciaci\u00f3n.\u00a0<\/span><\/p>\n\n\n\n<div class=\"wp-block-ugb-heading ugb-heading ugb-9b11f9e ugb-main-block\"><style>.ugb-9b11f9e .ugb-heading__title{font-size:18px !important}.ugb-9b11f9e .ugb-heading__subtitle{font-size:25px !important}<\/style><div class=\"ugb-inner-block\"><div class=\"ugb-block-content\"><h2 class=\"ugb-heading__title\">V\u00eddeos de mon\u00f3logos referentes al tema \"Fashion Industry\"<\/h2><\/div><\/div><\/div>\n\n\n\n<div class=\"wp-block-ugb-columns ugb-columns ugb-16a543b ugb-columns--design-plain ugb-columns--columns-2 ugb-main-block\"><div class=\"ugb-inner-block\"><div class=\"ugb-block-content\"><div class=\"ugb-columns__item ugb-16a543b-content-wrapper\">\n<div class=\"wp-block-ugb-column ugb-column ugb-6f9a59f ugb-column--design-plain ugb-main-block\"><div class=\"ugb-inner-block\"><div class=\"ugb-block-content\"><div class=\"ugb-column__item ugb-6f9a59f-column-wrapper\"><div class=\"ugb-column__content-wrapper\">\n<figure class=\"wp-block-embed is-type-video is-provider-youtube wp-block-embed-youtube wp-embed-aspect-16-9 wp-has-aspect-ratio\"><div class=\"wp-block-embed__wrapper\">\n<iframe loading=\"lazy\" title=\"Fashion Theme Monologue - Fast Fashion (&quot;go learner&quot; English Learning)\" width=\"640\" height=\"360\" src=\"https:\/\/www.youtube.com\/embed\/fm7-MrMKIDY?start=3&#038;feature=oembed\" frameborder=\"0\" allow=\"accelerometer; autoplay; clipboard-write; encrypted-media; gyroscope; picture-in-picture; web-share\" referrerpolicy=\"strict-origin-when-cross-origin\" allowfullscreen><\/iframe>\n<\/div><\/figure>\n<\/div><\/div><\/div><\/div><\/div>\n\n\n\n<div class=\"wp-block-ugb-column ugb-column ugb-e68a4ab ugb-column--design-plain ugb-main-block\"><div class=\"ugb-inner-block\"><div class=\"ugb-block-content\"><div class=\"ugb-column__item ugb-e68a4ab-column-wrapper\"><div class=\"ugb-column__content-wrapper\"><\/div><\/div><\/div><\/div><\/div>\n<\/div><\/div><\/div><\/div>\n\n\n\n<div class=\"wp-block-ugb-heading ugb-heading ugb-7c19c25 ugb-main-block\"><style>.ugb-7c19c25 .ugb-heading__title{font-size:18px !important}.ugb-7c19c25 .ugb-heading__subtitle{font-size:25px !important}<\/style><div class=\"ugb-inner-block\"><div class=\"ugb-block-content\"><h2 class=\"ugb-heading__title\">V\u00eddeos de mon\u00f3logos referentes al tema \"Media\"<\/h2><\/div><\/div><\/div>\n\n\n\n<div class=\"wp-block-ugb-columns ugb-columns ugb-8aa3755 ugb-columns--design-plain ugb-columns--columns-2 ugb-main-block\"><div class=\"ugb-inner-block\"><div class=\"ugb-block-content\"><div class=\"ugb-columns__item ugb-8aa3755-content-wrapper\">\n<div class=\"wp-block-ugb-column ugb-column ugb-a3eb40c ugb-column--design-plain ugb-main-block\"><div class=\"ugb-inner-block\"><div class=\"ugb-block-content\"><div class=\"ugb-column__item ugb-a3eb40c-column-wrapper\"><div class=\"ugb-column__content-wrapper\">\n<figure class=\"wp-block-embed is-type-video is-provider-youtube wp-block-embed-youtube wp-embed-aspect-16-9 wp-has-aspect-ratio\"><div class=\"wp-block-embed__wrapper\">\n<iframe loading=\"lazy\" title=\"The rise of the youtuber monologue (&quot;go learner&quot; English Learning)\" width=\"640\" height=\"360\" src=\"https:\/\/www.youtube.com\/embed\/2YjdWU-KUH4?start=1&#038;feature=oembed\" frameborder=\"0\" allow=\"accelerometer; autoplay; clipboard-write; encrypted-media; gyroscope; picture-in-picture; web-share\" referrerpolicy=\"strict-origin-when-cross-origin\" allowfullscreen><\/iframe>\n<\/div><\/figure>\n<\/div><\/div><\/div><\/div><\/div>\n\n\n\n<div class=\"wp-block-ugb-column ugb-column ugb-e970b27 ugb-column--design-plain ugb-main-block\"><div class=\"ugb-inner-block\"><div class=\"ugb-block-content\"><div class=\"ugb-column__item ugb-e970b27-column-wrapper\"><div class=\"ugb-column__content-wrapper\"><\/div><\/div><\/div><\/div><\/div>\n<\/div><\/div><\/div><\/div>\n\n\n\n<div class=\"wp-block-ugb-heading ugb-heading ugb-cf06c84 ugb-main-block\" id=\"space-tourism\"><style>.ugb-cf06c84 .ugb-heading__title{font-size:18px !important}.ugb-cf06c84 .ugb-heading__subtitle{font-size:25px !important}<\/style><div class=\"ugb-inner-block\"><div class=\"ugb-block-content\"><h2 class=\"ugb-heading__title\">V\u00eddeos de mon\u00f3logos referentes al tema \"Space Tourism\"<\/h2><\/div><\/div><\/div>\n\n\n\n<div class=\"wp-block-ugb-columns ugb-columns ugb-3963f9f ugb-columns--design-plain ugb-columns--columns-2 ugb-main-block\"><div class=\"ugb-inner-block\"><div class=\"ugb-block-content\"><div class=\"ugb-columns__item ugb-3963f9f-content-wrapper\">\n<div class=\"wp-block-ugb-column ugb-column ugb-7c8b593 ugb-column--design-plain ugb-main-block\"><div class=\"ugb-inner-block\"><div class=\"ugb-block-content\"><div class=\"ugb-column__item ugb-7c8b593-column-wrapper\"><div class=\"ugb-column__content-wrapper\">\n<figure class=\"wp-block-embed is-type-video is-provider-youtube wp-block-embed-youtube wp-embed-aspect-16-9 wp-has-aspect-ratio\"><div class=\"wp-block-embed__wrapper\">\n<iframe loading=\"lazy\" title=\"Space Tourism Monologue (&quot;go learner&quot; English Learning)\" width=\"640\" height=\"360\" src=\"https:\/\/www.youtube.com\/embed\/0I_M9o4CMg8?feature=oembed\" frameborder=\"0\" allow=\"accelerometer; autoplay; clipboard-write; encrypted-media; gyroscope; picture-in-picture; web-share\" referrerpolicy=\"strict-origin-when-cross-origin\" allowfullscreen><\/iframe>\n<\/div><\/figure>\n<\/div><\/div><\/div><\/div><\/div>\n\n\n\n<div class=\"wp-block-ugb-column ugb-column ugb-b7fd0f9 ugb-column--design-plain ugb-main-block\"><div class=\"ugb-inner-block\"><div class=\"ugb-block-content\"><div class=\"ugb-column__item ugb-b7fd0f9-column-wrapper\"><div class=\"ugb-column__content-wrapper\">\n<p style=\"font-size:18px\"><span style=\"color: #023a5a;\" class=\"ugb-highlight\">Puedes descargarte la ficha de ayuda del mon\u00f3logo aqu\u00ed:<\/span><\/p>\n\n\n\n<div class=\"wp-block-file\"><a href=\"https:\/\/www.go-learner.com\/wp-content\/uploads\/2021\/03\/Space-Tourism-Monologue-1.pdf\">Mon\u00f3logo de \"Turismo espacial\"<\/a><a href=\"https:\/\/www.go-learner.com\/wp-content\/uploads\/2021\/03\/Space-Tourism-Monologue-1.pdf\" class=\"wp-block-file__button\" download>Descargar<\/a><\/div>\n<\/div><\/div><\/div><\/div><\/div>\n<\/div><\/div><\/div><\/div>","protected":false},"excerpt":{"rendered":"<p>These videos will help in exam preparation of monologues, will build vocabulary and improve your listening and pronunciation.\u00a0 Fashion Theme Monologue Videos Media Theme Monologue Videos Space Tourism Monologue Videos You can download the &#8220;Space Tourism&#8221; monologue help sheet from here:<\/p>","protected":false},"author":2,"featured_media":0,"parent":0,"menu_order":0,"comment_status":"closed","ping_status":"closed","template":"","meta":{"_monsterinsights_skip_tracking":false,"_monsterinsights_sitenote_active":false,"_monsterinsights_sitenote_note":"","_monsterinsights_sitenote_category":0,"footnotes":""},"class_list":["post-780","page","type-page","status-publish","hentry"],"aioseo_notices":[],"featured_image_urls_v2":{"full":"","thumbnail":"","medium":"","medium_large":"","large":"","1536x1536":"","2048x2048":"","trp-custom-language-flag":"","post-thumbnail":"","sow-carousel-default":""},"post_excerpt_stackable_v2":"<p>These videos will help in exam preparation of monologues, will build vocabulary and improve your listening and pronunciation.\u00a0 Fashion Theme Monologue Videos Media Theme Monologue Videos Space Tourism Monologue Videos You can download the &#8220;Space Tourism&#8221; monologue help sheet from here: &#8220;Space Tourism&#8221; monologue:Download<\/p>\n","category_list_v2":"","author_info_v2":{"name":"Dani Domeque","url":"https:\/\/www.go-learner.com\/es\/author\/dani\/"},"comments_num_v2":"0 comentarios","jetpack_sharing_enabled":true,"_links":{"self":[{"href":"https:\/\/www.go-learner.com\/es\/wp-json\/wp\/v2\/pages\/780","targetHints":{"allow":["GET"]}}],"collection":[{"href":"https:\/\/www.go-learner.com\/es\/wp-json\/wp\/v2\/pages"}],"about":[{"href":"https:\/\/www.go-learner.com\/es\/wp-json\/wp\/v2\/types\/page"}],"author":[{"embeddable":true,"href":"https:\/\/www.go-learner.com\/es\/wp-json\/wp\/v2\/users\/2"}],"replies":[{"embeddable":true,"href":"https:\/\/www.go-learner.com\/es\/wp-json\/wp\/v2\/comments?post=780"}],"version-history":[{"count":31,"href":"https:\/\/www.go-learner.com\/es\/wp-json\/wp\/v2\/pages\/780\/revisions"}],"predecessor-version":[{"id":935,"href":"https:\/\/www.go-learner.com\/es\/wp-json\/wp\/v2\/pages\/780\/revisions\/935"}],"wp:attachment":[{"href":"https:\/\/www.go-learner.com\/es\/wp-json\/wp\/v2\/media?parent=780"}],"curies":[{"name":"wp","href":"https:\/\/api.w.org\/{rel}","templated":true}]}}