{"id":660,"date":"2021-01-31T23:49:56","date_gmt":"2021-01-31T22:49:56","guid":{"rendered":"http:\/\/15.236.32.208\/?page_id=660"},"modified":"2022-07-29T19:53:53","modified_gmt":"2022-07-29T17:53:53","slug":"contact","status":"publish","type":"page","link":"https:\/\/www.go-learner.com\/es\/contact\/","title":{"rendered":"Contacto"},"content":{"rendered":"<div class=\"wp-block-ugb-columns ugb-columns ugb-ccbe423 ugb-columns--design-plain ugb-columns--columns-2 ugb-main-block\"><div class=\"ugb-inner-block\"><div class=\"ugb-block-content\"><div class=\"ugb-columns__item ugb-ccbe423-content-wrapper\">\n<div class=\"wp-block-ugb-column ugb-column ugb-d56201e ugb-column--design-plain ugb-main-block\"><div class=\"ugb-inner-block\"><div class=\"ugb-block-content\"><div class=\"ugb-column__item ugb-d56201e-column-wrapper\"><div class=\"ugb-column__content-wrapper\">\n<p>Si deseas m\u00e1s informaci\u00f3n puedes contactar a Tara por email, tel\u00e9fono o WhatsApp:<\/p>\n\n\n<style>.wp-block-kadence-iconlist.kt-svg-icon-list-items_ef4642-cc:not(.this-stops-third-party-issues){margin-top:0px;margin-bottom:0px;}.wp-block-kadence-iconlist.kt-svg-icon-list-items_ef4642-cc ul.kt-svg-icon-list:not(.this-prevents-issues):not(.this-stops-third-party-issues):not(.tijsloc){margin-top:0px;margin-right:0px;margin-bottom:10px;margin-left:0px;}.wp-block-kadence-iconlist.kt-svg-icon-list-items_ef4642-cc ul.kt-svg-icon-list{grid-row-gap:5px;}.wp-block-kadence-iconlist.kt-svg-icon-list-items_ef4642-cc ul.kt-svg-icon-list .kt-svg-icon-list-item-wrap .kt-svg-icon-list-single{margin-right:10px;}.kt-svg-icon-list-items_ef4642-cc ul.kt-svg-icon-list .kt-svg-icon-list-level-0 .kt-svg-icon-list-single svg{font-size:20px;}.kt-svg-icon-list-items_ef4642-cc ul.kt-svg-icon-list .kt-svg-icon-list-level-1 .kt-svg-icon-list-single svg{font-size:20px;}.kt-svg-icon-list-items_ef4642-cc ul.kt-svg-icon-list .kt-svg-icon-list-level-2 .kt-svg-icon-list-single svg{font-size:20px;}<\/style>\n<div class=\"wp-block-kadence-iconlist kt-svg-icon-list-items kt-svg-icon-list-items_ef4642-cc kt-svg-icon-list-columns-1 alignnone\"><ul class=\"kt-svg-icon-list\"><li class=\"kt-svg-icon-list-style-default kt-svg-icon-list-item-wrap kt-svg-icon-list-item-0 kt-svg-icon-list-level-undefined\"><div style=\"display:inline-flex;justify-content:center;align-items:center\" class=\"kt-svg-icon-list-single kt-svg-icon-list-single-fe_mail\"><svg style=\"display:inline-block;vertical-align:middle\" viewbox=\"0 0 24 24\" height=\"20\" width=\"20\" fill=\"none\" stroke=\"currentColor\" xmlns=\"http:\/\/www.w3.org\/2000\/svg\" stroke-width=\"2\" stroke-linecap=\"round\" stroke-linejoin=\"round\" aria-hidden=\"true\"><path d=\"M4 4h16c1.1 0 2 .9 2 2v12c0 1.1-.9 2-2 2H4c-1.1 0-2-.9-2-2V6c0-1.1.9-2 2-2z\"><\/path><polyline points=\"22,6 12,13 2,6\"><\/polyline><\/svg><\/div><span class=\"kt-svg-icon-list-text\"><a href=\"mailto:tara.golearner@gmail.com\" title=\"tara.golearner@gmail.com\">tara.golearner@gmail.com<\/a><\/span><\/li><li class=\"kt-svg-icon-list-style-default kt-svg-icon-list-item-wrap kt-svg-icon-list-item-1 kt-svg-icon-list-level-undefined\"><div style=\"display:inline-flex;justify-content:center;align-items:center\" class=\"kt-svg-icon-list-single kt-svg-icon-list-single-fas_mobile-alt\"><svg style=\"display:inline-block;vertical-align:middle\" viewbox=\"0 0 320 512\" height=\"20\" width=\"20\" fill=\"currentColor\" xmlns=\"http:\/\/www.w3.org\/2000\/svg\" aria-hidden=\"true\"><path d=\"M272 0H48C21.5 0 0 21.5 0 48v416c0 26.5 21.5 48 48 48h224c26.5 0 48-21.5 48-48V48c0-26.5-21.5-48-48-48zM160 480c-17.7 0-32-14.3-32-32s14.3-32 32-32 32 14.3 32 32-14.3 32-32 32zm112-108c0 6.6-5.4 12-12 12H60c-6.6 0-12-5.4-12-12V60c0-6.6 5.4-12 12-12h200c6.6 0 12 5.4 12 12v312z\"><\/path><\/svg><\/div><span class=\"kt-svg-icon-list-text\">+34 606 277 440<\/span><\/li><li class=\"kt-svg-icon-list-style-default kt-svg-icon-list-item-wrap kt-svg-icon-list-item-2 kt-svg-icon-list-level-undefined\"><div style=\"display:inline-flex;justify-content:center;align-items:center\" class=\"kt-svg-icon-list-single kt-svg-icon-list-single-fa_whatsapp\"><svg style=\"display:inline-block;vertical-align:middle\" viewbox=\"0 0 448 512\" height=\"20\" width=\"20\" fill=\"currentColor\" xmlns=\"http:\/\/www.w3.org\/2000\/svg\" preserveaspectratio=\"xMinYMin meet\" aria-hidden=\"true\"><path d=\"M380.9 97.1C339 55.1 283.2 32 223.9 32c-122.4 0-222 99.6-222 222 0 39.1 10.2 77.3 29.6 111L0 480l117.7-30.9c32.4 17.7 68.9 27 106.1 27h.1c122.3 0 224.1-99.6 224.1-222 0-59.3-25.2-115-67.1-157zm-157 341.6c-33.2 0-65.7-8.9-94-25.7l-6.7-4-69.8 18.3L72 359.2l-4.4-7c-18.5-29.4-28.2-63.3-28.2-98.2 0-101.7 82.8-184.5 184.6-184.5 49.3 0 95.6 19.2 130.4 54.1 34.8 34.9 56.2 81.2 56.1 130.5 0 101.8-84.9 184.6-186.6 184.6zm101.2-138.2c-5.5-2.8-32.8-16.2-37.9-18-5.1-1.9-8.8-2.8-12.5 2.8-3.7 5.6-14.3 18-17.6 21.8-3.2 3.7-6.5 4.2-12 1.4-32.6-16.3-54-29.1-75.5-66-5.7-9.8 5.7-9.1 16.3-30.3 1.8-3.7.9-6.9-.5-9.7-1.4-2.8-12.5-30.1-17.1-41.2-4.5-10.8-9.1-9.3-12.5-9.5-3.2-.2-6.9-.2-10.6-.2-3.7 0-9.7 1.4-14.8 6.9-5.1 5.6-19.4 19-19.4 46.3 0 27.3 19.9 53.7 22.6 57.4 2.8 3.7 39.1 59.7 94.8 83.8 35.2 15.2 49 16.5 66.6 13.9 10.7-1.6 32.8-13.4 37.4-26.4 4.6-13 4.6-24.1 3.2-26.4-1.3-2.5-5-3.9-10.5-6.6z\"><\/path><\/svg><\/div><span class=\"kt-svg-icon-list-text\">+34 606 277 440<\/span><\/li><\/ul><\/div>\n<\/div><\/div><\/div><\/div><\/div>\n\n\n\n<div class=\"wp-block-ugb-column ugb-column ugb-ee65c96 ugb-column--design-plain ugb-main-block\"><div class=\"ugb-inner-block\"><div class=\"ugb-block-content\"><div class=\"ugb-column__item ugb-ee65c96-column-wrapper\"><div class=\"ugb-column__content-wrapper\">\n<p>Si lo prefieres, tambi\u00e9n puedes completar nuestro formulario de pre-inscripci\u00f3n. <\/p>\n\n\n\n<div class=\"wp-block-ugb-button ugb-button-wrapper ugb-c15e778 ugb-main-block\"><style>.ugb-c15e778 .ugb-block-content{justify-content:flex-start !important}.ugb-c15e778 .ugb-button1{background-color:#fcb900}.ugb-c15e778 .ugb-button1 .ugb-button--inner,.ugb-c15e778 .ugb-button1 svg:not(.ugb-custom-icon){color:#000000 !important}.ugb-c15e778 .ugb-inner-block{text-align:left}<\/style><div class=\"ugb-inner-block\"><div class=\"ugb-block-content\"><div class=\"ugb-button-container\"><a class=\"ugb-button1 ugb-button ugb-button--size-normal\" href=\"https:\/\/www.go-learner.com\/es\/contact\/enrolment-form\/\" rel=\"\" title=\"\"><span class=\"ugb-button--inner\">Formulario de Pre-inscripci\u00f3n<\/span><\/a><\/div><\/div><\/div><\/div>\n\n\n\n<p>Este formulario nos proporcionar\u00e1 con los detalles necesarios para que podamos evaluar si existe disponibilidad en tu nivel m\u00e1s r\u00e1pidamente. Una vez completado, te contactaremos con la informaci\u00f3n relevante.<\/p>\n<\/div><\/div><\/div><\/div><\/div>\n<\/div><\/div><\/div><\/div>","protected":false},"excerpt":{"rendered":"<p>If you would like further information you can contact Tara by email or phone: If you prefer, you can also fill up our enrolment form: Enrolment Form This form will provide us with important details so we can evaluate faster if there is any availability for your level and we can contact you with the&hellip;<\/p>","protected":false},"author":2,"featured_media":0,"parent":0,"menu_order":0,"comment_status":"closed","ping_status":"closed","template":"","meta":{"_monsterinsights_skip_tracking":false,"_monsterinsights_sitenote_active":false,"_monsterinsights_sitenote_note":"","_monsterinsights_sitenote_category":0,"footnotes":""},"class_list":["post-660","page","type-page","status-publish","hentry"],"aioseo_notices":[],"featured_image_urls_v2":{"full":"","thumbnail":"","medium":"","medium_large":"","large":"","1536x1536":"","2048x2048":"","trp-custom-language-flag":"","post-thumbnail":"","sow-carousel-default":""},"post_excerpt_stackable_v2":"<p>If you would like further information you can contact Tara by email or phone: tara.golearner@gmail.com+34 606 277 440+34 606 277 440 If you prefer, you can also fill up our enrolment form: Enrolment Form This form will provide us with important details so we can evaluate faster if there is any availability for your level and we can contact you with the relevant information.<\/p>\n","category_list_v2":"","author_info_v2":{"name":"Dani Domeque","url":"https:\/\/www.go-learner.com\/es\/author\/dani\/"},"comments_num_v2":"0 comentarios","jetpack_sharing_enabled":true,"_links":{"self":[{"href":"https:\/\/www.go-learner.com\/es\/wp-json\/wp\/v2\/pages\/660","targetHints":{"allow":["GET"]}}],"collection":[{"href":"https:\/\/www.go-learner.com\/es\/wp-json\/wp\/v2\/pages"}],"about":[{"href":"https:\/\/www.go-learner.com\/es\/wp-json\/wp\/v2\/types\/page"}],"author":[{"embeddable":true,"href":"https:\/\/www.go-learner.com\/es\/wp-json\/wp\/v2\/users\/2"}],"replies":[{"embeddable":true,"href":"https:\/\/www.go-learner.com\/es\/wp-json\/wp\/v2\/comments?post=660"}],"version-history":[{"count":9,"href":"https:\/\/www.go-learner.com\/es\/wp-json\/wp\/v2\/pages\/660\/revisions"}],"predecessor-version":[{"id":1234,"href":"https:\/\/www.go-learner.com\/es\/wp-json\/wp\/v2\/pages\/660\/revisions\/1234"}],"wp:attachment":[{"href":"https:\/\/www.go-learner.com\/es\/wp-json\/wp\/v2\/media?parent=660"}],"curies":[{"name":"wp","href":"https:\/\/api.w.org\/{rel}","templated":true}]}}