{"id":1095,"date":"2022-01-07T15:10:30","date_gmt":"2022-01-07T14:10:30","guid":{"rendered":"https:\/\/www.go-learner.com\/?page_id=1095"},"modified":"2023-02-17T12:17:03","modified_gmt":"2023-02-17T11:17:03","slug":"learning-resources","status":"publish","type":"page","link":"https:\/\/www.go-learner.com\/es\/learning-resources\/","title":{"rendered":"Recursos"},"content":{"rendered":"<p class=\"has-medium-font-size\"><span style=\"color: #023a5a;\" class=\"stk-highlight\">Hemos creado una serie de recursos educativos que te ayudar\u00e1n a mejorar tu vocabulario en ingl\u00e9s y que puedes usar para preparar ex\u00e1menes.  <\/span><\/p>\n\n\n\n<p class=\"has-text-color has-medium-font-size\" style=\"color:#023a5a\"><span style=\"color: #023a5a;\" class=\"ugb-highlight\">Estos recursos y materiales educativos incluyen tanto v\u00eddeos como ejercicios y juegos.<\/span><\/p>\n\n\n\n<p class=\"has-text-color has-medium-font-size\" style=\"color:#023a5a\">Para mejorar tu vocabulario en ingl\u00e9s, usamos una plataforma online que permite crear ejercicios y juegos de vocabulario (flash cards, ejercicios de escritura y de deletrear palabras, juegos de parejas, etc.). \n\nLos ejercicios creados guardan relaci\u00f3n con algunas lecciones y temas tratados con mis alumnos y que seguro que te ayudan a expandir tu vocabulario.<\/p>\n\n\n\n<p class=\"has-medium-font-size\"><span style=\"color: #023a5a;\" class=\"ugb-highlight\">Los v\u00eddeos que hemos creado, ayudan especialmente en la preparaci\u00f3n de mon\u00f3logos y di\u00e1logos de examen, proporcionan vocabulario en los diferentes temas y ayudan a mejorar el oido y la pronunciaci\u00f3n.&nbsp;<\/span><\/p>\n\n\n\n<p class=\"has-medium-font-size\"><\/p>\n\n\n\n<hr class=\"wp-block-separator has-css-opacity\"\/>\n\n\n\n<p class=\"has-medium-font-size\"><span style=\"color: #023a5a;\" class=\"ugb-highlight\">Para acceder a estos recursos educativos, haz click en las siguientes categor\u00edas:<\/span>:<\/p>\n\n\n<style>.wp-block-kadence-iconlist.kt-svg-icon-list-items_0eed08-92:not(.this-stops-third-party-issues){margin-top:0px;margin-bottom:0px;}.wp-block-kadence-iconlist.kt-svg-icon-list-items_0eed08-92 ul.kt-svg-icon-list:not(.this-prevents-issues):not(.this-stops-third-party-issues):not(.tijsloc){margin-top:0px;margin-right:0px;margin-bottom:10px;margin-left:0px;}.wp-block-kadence-iconlist.kt-svg-icon-list-items_0eed08-92 ul.kt-svg-icon-list{grid-row-gap:5px;}.wp-block-kadence-iconlist.kt-svg-icon-list-items_0eed08-92 ul.kt-svg-icon-list .kt-svg-icon-list-item-wrap .kt-svg-icon-list-single{margin-right:10px;}.kt-svg-icon-list-items_0eed08-92 ul.kt-svg-icon-list .kt-svg-icon-list-item-wrap, .kt-svg-icon-list-items_0eed08-92 ul.kt-svg-icon-list .kt-svg-icon-list-item-wrap a{font-size:18px;}.kt-svg-icon-list-items_0eed08-92 ul.kt-svg-icon-list .kt-svg-icon-list-level-0 .kt-svg-icon-list-single svg{font-size:20px;}.kt-svg-icon-list-items_0eed08-92 ul.kt-svg-icon-list .kt-svg-icon-list-level-1 .kt-svg-icon-list-single svg{font-size:20px;}.kt-svg-icon-list-items_0eed08-92 ul.kt-svg-icon-list .kt-svg-icon-list-level-2 .kt-svg-icon-list-single svg{font-size:20px;}<\/style>\n<div class=\"wp-block-kadence-iconlist kt-svg-icon-list-items kt-svg-icon-list-items_0eed08-92 kt-svg-icon-list-columns-1 alignnone\"><ul class=\"kt-svg-icon-list\"><li class=\"kt-svg-icon-list-style-default kt-svg-icon-list-item-wrap kt-svg-icon-list-item-0 kt-svg-icon-list-level-undefined\"><div style=\"display:inline-flex;justify-content:center;align-items:center\" class=\"kt-svg-icon-list-single kt-svg-icon-list-single-fe_checkCircle\"><svg style=\"display:inline-block;vertical-align:middle\" viewbox=\"0 0 24 24\" height=\"20\" width=\"20\" fill=\"none\" stroke=\"currentColor\" xmlns=\"http:\/\/www.w3.org\/2000\/svg\" stroke-width=\"2\" stroke-linecap=\"round\" stroke-linejoin=\"round\" aria-hidden=\"true\"><path d=\"M22 11.08V12a10 10 0 1 1-5.93-9.14\"><\/path><polyline points=\"22 4 12 14.01 9 11.01\"><\/polyline><\/svg><\/div><span class=\"kt-svg-icon-list-text\"><a href=\"https:\/\/www.go-learner.com\/es\/vocabulary-exercises\/\" title=\"Ejercicios de Vocabulario\">Ejercicios de Vocabulario<\/a><\/span><\/li><li class=\"kt-svg-icon-list-style-default kt-svg-icon-list-item-wrap kt-svg-icon-list-item-1 kt-svg-icon-list-level-undefined\"><div style=\"display:inline-flex;justify-content:center;align-items:center\" class=\"kt-svg-icon-list-single kt-svg-icon-list-single-fe_checkCircle\"><svg style=\"display:inline-block;vertical-align:middle\" viewbox=\"0 0 24 24\" height=\"20\" width=\"20\" fill=\"none\" stroke=\"currentColor\" xmlns=\"http:\/\/www.w3.org\/2000\/svg\" stroke-width=\"2\" stroke-linecap=\"round\" stroke-linejoin=\"round\" aria-hidden=\"true\"><path d=\"M22 11.08V12a10 10 0 1 1-5.93-9.14\"><\/path><polyline points=\"22 4 12 14.01 9 11.01\"><\/polyline><\/svg><\/div><span class=\"kt-svg-icon-list-text\"><a href=\"https:\/\/www.go-learner.com\/es\/learning-videos\/\" title=\"V\u00eddeos Educativos\">V\u00eddeos Educativos<\/a><\/span><\/li><\/ul><\/div>\n\n\n\n<p><\/p>","protected":false},"excerpt":{"rendered":"<p>We have created a set of learning resources that will help you improve your english vocabulary and prepare for exams. These include videos and vocabulary learning materials. The vocabulary learning resources uses a platform which includes flash cards, spelling and writing exercises and games (e.g.: matching game) which you can do online with a laptop&hellip;<\/p>","protected":false},"author":2,"featured_media":0,"parent":0,"menu_order":0,"comment_status":"closed","ping_status":"closed","template":"","meta":{"_monsterinsights_skip_tracking":false,"_monsterinsights_sitenote_active":false,"_monsterinsights_sitenote_note":"","_monsterinsights_sitenote_category":0,"footnotes":""},"class_list":["post-1095","page","type-page","status-publish","hentry"],"aioseo_notices":[],"featured_image_urls_v2":{"full":"","thumbnail":"","medium":"","medium_large":"","large":"","1536x1536":"","2048x2048":"","trp-custom-language-flag":"","post-thumbnail":"","sow-carousel-default":""},"post_excerpt_stackable_v2":"<p>We have created a set of learning resources that will help you improve your english vocabulary and prepare for exams. These include videos and vocabulary learning materials. The vocabulary learning resources uses a platform which includes flash cards, spelling and writing exercises and games (e.g.: matching game) which you can do online with a laptop or a mobile. It&#8217;s guaranteed to expand your vocabulary! The videos will help especially in exam preparation for dialogues and monologues, will build vocabulary and improve your listening and pronunciation.&nbsp; To access these resources, click on the following categories: Vocabulary Learning ExercisesLearning Videos<\/p>\n","category_list_v2":"","author_info_v2":{"name":"Dani Domeque","url":"https:\/\/www.go-learner.com\/es\/author\/dani\/"},"comments_num_v2":"0 comentarios","jetpack_sharing_enabled":true,"_links":{"self":[{"href":"https:\/\/www.go-learner.com\/es\/wp-json\/wp\/v2\/pages\/1095","targetHints":{"allow":["GET"]}}],"collection":[{"href":"https:\/\/www.go-learner.com\/es\/wp-json\/wp\/v2\/pages"}],"about":[{"href":"https:\/\/www.go-learner.com\/es\/wp-json\/wp\/v2\/types\/page"}],"author":[{"embeddable":true,"href":"https:\/\/www.go-learner.com\/es\/wp-json\/wp\/v2\/users\/2"}],"replies":[{"embeddable":true,"href":"https:\/\/www.go-learner.com\/es\/wp-json\/wp\/v2\/comments?post=1095"}],"version-history":[{"count":10,"href":"https:\/\/www.go-learner.com\/es\/wp-json\/wp\/v2\/pages\/1095\/revisions"}],"predecessor-version":[{"id":1239,"href":"https:\/\/www.go-learner.com\/es\/wp-json\/wp\/v2\/pages\/1095\/revisions\/1239"}],"wp:attachment":[{"href":"https:\/\/www.go-learner.com\/es\/wp-json\/wp\/v2\/media?parent=1095"}],"curies":[{"name":"wp","href":"https:\/\/api.w.org\/{rel}","templated":true}]}}