{"id":1077,"date":"2022-01-07T12:57:36","date_gmt":"2022-01-07T11:57:36","guid":{"rendered":"https:\/\/www.go-learner.com\/?page_id=1077"},"modified":"2022-01-25T12:57:42","modified_gmt":"2022-01-25T11:57:42","slug":"vocabulary-exercises","status":"publish","type":"page","link":"https:\/\/www.go-learner.com\/es\/vocabulary-exercises\/","title":{"rendered":"Ejercicios de Vocabulario"},"content":{"rendered":"<p class=\"has-text-color has-medium-font-size\" style=\"color:#0071a1\"><span style=\"color: #023a5a;\" class=\"ugb-highlight\">\u00a1Estos ejercicios y juegos de vocabulario te ayudar\u00e1n a mejorar y expandir tu vocabulario en ingl\u00e9s r\u00e1pidamente!&nbsp;<\/span><\/p>\n\n\n\n<p class=\"has-text-color has-medium-font-size\" id=\"A1\" style=\"color:#0071a1\"><span style=\"color: #023a5a;\" class=\"ugb-highlight\"><span style=\"color: #023a5a;\" class=\"ugb-highlight\">Usamos una plataforma online que permite crear ejercicios y juegos de vocabulario (flash cards, ejercicios de escritura y de deletrear palabras, juegos de parejas, etc.). Estos ejercicios se pueden hacer online con un port\u00e1til o con un tel\u00e9fono m\u00f3vil. Los ejercicios que hemos creado guardan relaci\u00f3n con algunas lecciones y temas tratados con mis alumnos y que seguro que tambi\u00e9n te pueden ayudar a expandir tu vocabulario.<\/span><\/span><\/p>\n\n\n\n<div class=\"wp-block-group\"><div class=\"wp-block-group__inner-container is-layout-flow wp-block-group-is-layout-flow\">\n<div class=\"wp-block-ugb-heading ugb-heading ugb-f46fe30 ugb-main-block\"><style>.ugb-f46fe30 .ugb-heading__title{font-size:18px !important}.ugb-f46fe30 .ugb-heading__subtitle{font-size:25px !important}<\/style><div class=\"ugb-inner-block\"><div class=\"ugb-block-content\"><h2 class=\"ugb-heading__title\">Niveles A1\/A1+<\/h2><\/div><\/div><\/div>\n\n\n\n<figure id=\"A2\" class=\"wp-block-table is-style-stripes\"><table><thead><tr><th>T\u00e9rminos<\/th><th>Enlace a los Ejercicios de Vocabulario<\/th><\/tr><\/thead><tbody><tr><td>Picnic, food, cooking utensils and verbs<\/td><td><a href=\"https:\/\/quizlet.com\/es\/624963475\/picnic-food-cooking-utensils-and-verbs-a1a2-flash-cards\/\">https:\/\/quizlet.com\/es\/624963475\/picnic-food-cooking-utensils-and-verbs-a1a2-flash-cards\/<\/a><\/td><\/tr><\/tbody><\/table><\/figure>\n<\/div><\/div>\n\n\n\n<div class=\"wp-block-group\"><div class=\"wp-block-group__inner-container is-layout-flow wp-block-group-is-layout-flow\">\n<div class=\"wp-block-ugb-heading ugb-heading ugb-a729692 ugb-main-block\"><style>.ugb-a729692 .ugb-heading__title{font-size:18px !important}.ugb-a729692 .ugb-heading__subtitle{font-size:25px !important}<\/style><div class=\"ugb-inner-block\"><div class=\"ugb-block-content\"><h2 class=\"ugb-heading__title\">Nivel A2+<\/h2><\/div><\/div><\/div>\n\n\n\n<figure id=\"B1\" class=\"wp-block-table is-style-stripes\"><table><thead><tr><th>T\u00e9rminos<\/th><th>Enlace a los Ejercicios de Vocabulario<\/th><\/tr><\/thead><tbody><tr><td>Cooking utensils and verbs<\/td><td><a href=\"https:\/\/quizlet.com\/es\/633504975\/kitchen-utensils-and-cooking-verbs-a2-flash-cards\/\" target=\"_blank\" rel=\"noreferrer noopener\">https:\/\/quizlet.com\/es\/633504975\/kitchen-utensils-and-cooking-verbs-a2-flash-cards\/<\/a><\/td><\/tr><tr><td>Health problems<\/td><td><a href=\"https:\/\/quizlet.com\/es\/625520743\/health-problems-a2-flash-cards\/\">https:\/\/quizlet.com\/es\/625520743\/health-problems-a2-flash-cards\/<\/a><\/td><\/tr><tr><td>Technology and related phrasal verbs<\/td><td><a href=\"https:\/\/quizlet.com\/es\/625294439\/technology-and-phrasal-verbs-a2b1-flash-cards\/\">https:\/\/quizlet.com\/es\/625294439\/technology-and-phrasal-verbs-a2b1-flash-cards\/<\/a><\/td><\/tr><\/tbody><\/table><\/figure>\n<\/div><\/div>\n\n\n\n<div class=\"wp-block-group\"><div class=\"wp-block-group__inner-container is-layout-flow wp-block-group-is-layout-flow\">\n<div class=\"wp-block-ugb-heading ugb-heading ugb-2d19889 ugb-main-block\"><style>.ugb-2d19889 .ugb-heading__title{font-size:18px !important}.ugb-2d19889 .ugb-heading__subtitle{font-size:25px !important}<\/style><div class=\"ugb-inner-block\"><div class=\"ugb-block-content\"><h2 class=\"ugb-heading__title\">Nivel B1<\/h2><\/div><\/div><\/div>\n\n\n\n<figure id=\"B1PlusB2\" class=\"wp-block-table is-style-stripes\"><table><thead><tr><th>T\u00e9rminos<\/th><th>Enlace a los Ejercicios de Vocabulario<\/th><\/tr><\/thead><tbody><tr><td>Survival<\/td><td><a href=\"https:\/\/quizlet.com\/es\/643636594\/survival-b1-flash-cards\/\">https:\/\/quizlet.com\/es\/643636594\/survival-b1-flash-cards\/<\/a><\/td><\/tr><tr><td>Adventure and exciting lifestyle<\/td><td><a href=\"https:\/\/quizlet.com\/es\/640755497\/adventure-and-exciting-lifestyle-b1-flash-cards\/\">https:\/\/quizlet.com\/es\/640755497\/adventure-and-exciting-lifestyle-b1-flash-cards\/<\/a><\/td><\/tr><tr><td>What is art?<\/td><td><a href=\"https:\/\/quizlet.com\/es\/651865243\/what-is-art-b1-flash-cards\/\">https:\/\/quizlet.com\/es\/651865243\/what-is-art-b1-flash-cards\/<\/a><\/td><\/tr><tr><td>Life skills<\/td><td><a href=\"https:\/\/quizlet.com\/es\/630174455\/life-skills-b1-flash-cards\/\">https:\/\/quizlet.com\/es\/630174455\/life-skills-b1-flash-cards\/<\/a><\/td><\/tr><\/tbody><\/table><\/figure>\n<\/div><\/div>\n\n\n\n<div class=\"wp-block-group\"><div class=\"wp-block-group__inner-container is-layout-flow wp-block-group-is-layout-flow\">\n<div class=\"wp-block-ugb-heading ugb-heading ugb-0dc7f88 ugb-main-block\"><style>.ugb-0dc7f88 .ugb-heading__title{font-size:18px !important}.ugb-0dc7f88 .ugb-heading__subtitle{font-size:25px !important}<\/style><div class=\"ugb-inner-block\"><div class=\"ugb-block-content\"><h2 class=\"ugb-heading__title\">Niveles B1+\/B2<\/h2><\/div><\/div><\/div>\n\n\n\n<figure id=\"B2B2Plus\" class=\"wp-block-table is-style-stripes\"><table><thead><tr><th>T\u00e9rminos<\/th><th>Enlace a los Ejercicios de Vocabulario<\/th><\/tr><\/thead><tbody><tr><td>Relationships<\/td><td><a href=\"https:\/\/quizlet.com\/es\/649428716\/relationships-b1b2-flash-cards\/\">https:\/\/quizlet.com\/es\/649428716\/relationships-b1b2-flash-cards\/<\/a><\/td><\/tr><\/tbody><\/table><\/figure>\n<\/div><\/div>\n\n\n\n<div class=\"wp-block-group\"><div class=\"wp-block-group__inner-container is-layout-flow wp-block-group-is-layout-flow\">\n<div class=\"wp-block-ugb-heading ugb-heading ugb-a884911 ugb-main-block\"><style>.ugb-a884911 .ugb-heading__title{font-size:18px !important}.ugb-a884911 .ugb-heading__subtitle{font-size:25px !important}<\/style><div class=\"ugb-inner-block\"><div class=\"ugb-block-content\"><h2 class=\"ugb-heading__title\">Niveles B2\/B2+<\/h2><\/div><\/div><\/div>\n\n\n\n<figure id=\"C1C2\" class=\"wp-block-table is-style-stripes\"><table><thead><tr><th>T\u00e9rminos<\/th><th>Enlace a los Ejercicios de Vocabulario<\/th><\/tr><\/thead><tbody><tr><td>Pandora papers<\/td><td><a href=\"https:\/\/quizlet.com\/es\/641366401\/b2-b2-pandora-papers-flash-cards\/\">https:\/\/quizlet.com\/es\/641366401\/b2-b2-pandora-papers-flash-cards\/<\/a><\/td><\/tr><tr><td>Social media outages<\/td><td><a href=\"https:\/\/quizlet.com\/es\/656405140\/b2-b2-social-media-outage-flash-cards\/\">https:\/\/quizlet.com\/es\/656405140\/b2-b2-social-media-outage-flash-cards\/<\/a><\/td><\/tr><\/tbody><\/table><\/figure>\n<\/div><\/div>\n\n\n\n<div class=\"wp-block-group\"><div class=\"wp-block-group__inner-container is-layout-flow wp-block-group-is-layout-flow\">\n<div class=\"wp-block-ugb-heading ugb-heading ugb-2f509b9 ugb-main-block\"><style>.ugb-2f509b9 .ugb-heading__title{font-size:18px !important}.ugb-2f509b9 .ugb-heading__subtitle{font-size:25px !important}<\/style><div class=\"ugb-inner-block\"><div class=\"ugb-block-content\"><h2 class=\"ugb-heading__title\">Level C1\/C2<\/h2><\/div><\/div><\/div>\n\n\n\n<figure class=\"wp-block-table is-style-stripes\"><table><thead><tr><th>T\u00e9rminos<\/th><th>Enlace a los Ejercicios de Vocabulario<\/th><\/tr><\/thead><tbody><tr><td>Fast Fashion<\/td><td><a href=\"https:\/\/quizlet.com\/es\/662693065\/fast-fashion-flash-cards\/\" target=\"_blank\" rel=\"noreferrer noopener\" title=\"Fast Fashion Vocabulary Exercise\">https:\/\/quizlet.com\/es\/662693065\/fast-fashion-flash-cards\/<\/a><\/td><\/tr><tr><td>Global Warming<\/td><td><a href=\"https:\/\/quizlet.com\/es\/660309741\/global-warning-b2c1-flash-cards\/\" target=\"_blank\" rel=\"noreferrer noopener\" title=\"Global Warming Vocabulary Exercise\">https:\/\/quizlet.com\/es\/660309741\/global-warning-b2c1-flash-cards\/<\/a><\/td><\/tr><\/tbody><\/table><\/figure>\n\n\n\n<p><\/p>\n<\/div><\/div>\n\n\n<style>.wp-block-kadence-advancedgallery.kb-gallery-wrap-id-_8b72ee-35{overflow:hidden;}.kb-gallery-type-carousel.kb-gallery-id-_8b72ee-35 .kt-blocks-carousel .kt-blocks-carousel-init{margin:0 -2px;}.kb-gallery-type-carousel.kb-gallery-id-_8b72ee-35 .kt-blocks-carousel .kt-blocks-carousel-init .kb-slide-item{padding:4px 2px;}.kb-gallery-type-carousel.kb-gallery-id-_8b72ee-35 .kt-blocks-carousel .kt-blocks-carousel-init .slick-prev{left:2px;}.kb-gallery-type-carousel.kb-gallery-id-_8b72ee-35 .kt-blocks-carousel .kt-blocks-carousel-init .slick-next{right:2px;}.kb-gallery-id-_8b72ee-35 .kadence-blocks-gallery-item .kb-gal-image-radius{border-radius:0px 0px 0px 0px;;}.kb-gallery-id-_8b72ee-35 .kadence-blocks-gallery-item .kadence-blocks-gallery-item-inner .kadence-blocks-gallery-item__caption{font-size:14px;}.kb-gallery-caption-style-bottom.kb-gallery-id-_8b72ee-35 .kadence-blocks-gallery-item .kadence-blocks-gallery-item-inner .kadence-blocks-gallery-item__caption, .kb-gallery-caption-style-bottom-hover.kb-gallery-id-_8b72ee-35 .kadence-blocks-gallery-item .kadence-blocks-gallery-item-inner .kadence-blocks-gallery-item__caption{background:linear-gradient(0deg, rgba(0, 0, 0, 0.5) 0, rgba(0, 0, 0, 0) 100%);}<\/style>\n<div class=\"wp-block-kadence-advancedgallery kb-gallery-wrap-id-_8b72ee-35\"><div class=\"kb-gallery-ul kb-gallery-type-carousel kb-gallery-id-_8b72ee-35 kb-gallery-caption-style-bottom kb-gallery-filter-none\" data-image-filter=\"none\" data-lightbox-caption=\"true\"><div class=\"kt-blocks-carousel kt-carousel-container-dotstyle-dark\"><div class=\"kt-blocks-carousel-init kb-gallery-carousel kt-carousel-arrowstyle-whiteondark kt-carousel-dotstyle-dark\" data-columns-xxl=\"1\" data-columns-xl=\"1\" data-columns-md=\"1\" data-columns-sm=\"1\" data-columns-xs=\"1\" data-columns-ss=\"1\" data-slider-anim-speed=\"400\" data-slider-scroll=\"all\" data-slider-arrows=\"true\" data-slider-dots=\"true\" data-slider-hover-pause=\"false\" data-slider-auto=\"true\" data-slider-speed=\"3660\"><div class=\"kb-slide-item kb-gallery-carousel-item\"><div class=\"kadence-blocks-gallery-item\"><div class=\"kadence-blocks-gallery-item-inner\"><figure class=\"kb-gallery-figure kadence-blocks-gallery-item-has-caption kb-has-image-ratio-inherit\"><div class=\"kb-gal-image-radius\" style=\"max-width:600px\"><div class=\"kb-gallery-image-contain kadence-blocks-gallery-intrinsic kb-gallery-image-ratio-inherit\"><img data-recalc-dims=\"1\" loading=\"lazy\" decoding=\"async\" src=\"https:\/\/i0.wp.com\/www.go-learner.com\/wp-content\/uploads\/2022\/01\/Vocabulary_carrusel_T1_w600.jpeg?resize=600%2C368&#038;ssl=1\" width=\"600\" height=\"368\" data-full-image=\"https:\/\/www.go-learner.com\/wp-content\/uploads\/2022\/01\/Vocabulary_carrusel_T1_w600.jpeg\" data-light-image=\"https:\/\/www.go-learner.com\/wp-content\/uploads\/2022\/01\/Vocabulary_carrusel_T1_w600.jpeg\" data-id=\"1123\" data-link=\"https:\/\/www.go-learner.com\/vocabulary-builders\/vocabulary_carrusel_t1_w600\/\" class=\"wp-image-1123 skip-lazy\" srcset=\"https:\/\/i0.wp.com\/www.go-learner.com\/wp-content\/uploads\/2022\/01\/Vocabulary_carrusel_T1_w600.jpeg?w=600&amp;ssl=1 600w, https:\/\/i0.wp.com\/www.go-learner.com\/wp-content\/uploads\/2022\/01\/Vocabulary_carrusel_T1_w600.jpeg?resize=18%2C12&amp;ssl=1 18w\" sizes=\"auto, (max-width: 600px) 100vw, 600px\" \/><\/div><div class=\"kadence-blocks-gallery-item__caption\">Ejercicio y juego de deletrear<\/div><\/div><\/figure><\/div><\/div><\/div><div class=\"kb-slide-item kb-gallery-carousel-item\"><div class=\"kadence-blocks-gallery-item\"><div class=\"kadence-blocks-gallery-item-inner\"><figure class=\"kb-gallery-figure kadence-blocks-gallery-item-has-caption kb-has-image-ratio-inherit\"><div class=\"kb-gal-image-radius\" style=\"max-width:600px\"><div class=\"kb-gallery-image-contain kadence-blocks-gallery-intrinsic kb-gallery-image-ratio-inherit\"><img data-recalc-dims=\"1\" loading=\"lazy\" decoding=\"async\" src=\"https:\/\/i0.wp.com\/www.go-learner.com\/wp-content\/uploads\/2022\/01\/Vocabulary_carrusel_T2_w600.jpeg?resize=600%2C368&#038;ssl=1\" width=\"600\" height=\"368\" data-full-image=\"https:\/\/www.go-learner.com\/wp-content\/uploads\/2022\/01\/Vocabulary_carrusel_T2_w600.jpeg\" data-light-image=\"https:\/\/www.go-learner.com\/wp-content\/uploads\/2022\/01\/Vocabulary_carrusel_T2_w600.jpeg\" data-id=\"1124\" data-link=\"https:\/\/www.go-learner.com\/vocabulary-builders\/vocabulary_carrusel_t2_w600\/\" class=\"wp-image-1124 skip-lazy\" srcset=\"https:\/\/i0.wp.com\/www.go-learner.com\/wp-content\/uploads\/2022\/01\/Vocabulary_carrusel_T2_w600.jpeg?w=600&amp;ssl=1 600w, https:\/\/i0.wp.com\/www.go-learner.com\/wp-content\/uploads\/2022\/01\/Vocabulary_carrusel_T2_w600.jpeg?resize=18%2C12&amp;ssl=1 18w\" sizes=\"auto, (max-width: 600px) 100vw, 600px\" \/><\/div><div class=\"kadence-blocks-gallery-item__caption\">Ejercicio y juego de vocabulario<\/div><\/div><\/figure><\/div><\/div><\/div><div class=\"kb-slide-item kb-gallery-carousel-item\"><div class=\"kadence-blocks-gallery-item\"><div class=\"kadence-blocks-gallery-item-inner\"><figure class=\"kb-gallery-figure kadence-blocks-gallery-item-has-caption kb-has-image-ratio-inherit\"><div class=\"kb-gal-image-radius\" style=\"max-width:600px\"><div class=\"kb-gallery-image-contain kadence-blocks-gallery-intrinsic kb-gallery-image-ratio-inherit\"><img data-recalc-dims=\"1\" loading=\"lazy\" decoding=\"async\" src=\"https:\/\/i0.wp.com\/www.go-learner.com\/wp-content\/uploads\/2022\/01\/Vocabulary_carrusel_T3_w600.jpeg?resize=600%2C368&#038;ssl=1\" width=\"600\" height=\"368\" data-full-image=\"https:\/\/www.go-learner.com\/wp-content\/uploads\/2022\/01\/Vocabulary_carrusel_T3_w600.jpeg\" data-light-image=\"https:\/\/www.go-learner.com\/wp-content\/uploads\/2022\/01\/Vocabulary_carrusel_T3_w600.jpeg\" data-id=\"1125\" data-link=\"https:\/\/www.go-learner.com\/vocabulary-builders\/vocabulary_carrusel_t3_w600\/\" class=\"wp-image-1125 skip-lazy\" srcset=\"https:\/\/i0.wp.com\/www.go-learner.com\/wp-content\/uploads\/2022\/01\/Vocabulary_carrusel_T3_w600.jpeg?w=600&amp;ssl=1 600w, https:\/\/i0.wp.com\/www.go-learner.com\/wp-content\/uploads\/2022\/01\/Vocabulary_carrusel_T3_w600.jpeg?resize=18%2C12&amp;ssl=1 18w\" sizes=\"auto, (max-width: 600px) 100vw, 600px\" \/><\/div><div class=\"kadence-blocks-gallery-item__caption\">Juego de parejas<\/div><\/div><\/figure><\/div><\/div><\/div><\/div><\/div><\/div><\/div>","protected":false},"excerpt":{"rendered":"<p>These vocabulary building exercises and games are guaranteed to expand your vocabulary in no time!!&nbsp; We use a platform that allows the creation of flash cards, spelling and writing exercises and games (e.g.: matching game) so we ha created a set of them which you can do online with a laptop or a mobile. Levels&hellip;<\/p>","protected":false},"author":2,"featured_media":0,"parent":0,"menu_order":0,"comment_status":"closed","ping_status":"closed","template":"","meta":{"_monsterinsights_skip_tracking":false,"_monsterinsights_sitenote_active":false,"_monsterinsights_sitenote_note":"","_monsterinsights_sitenote_category":0,"footnotes":""},"class_list":["post-1077","page","type-page","status-publish","hentry"],"aioseo_notices":[],"featured_image_urls_v2":{"full":"","thumbnail":"","medium":"","medium_large":"","large":"","1536x1536":"","2048x2048":"","trp-custom-language-flag":"","post-thumbnail":"","sow-carousel-default":""},"post_excerpt_stackable_v2":"<p>These vocabulary building exercises and games are guaranteed to expand your vocabulary in no time!!&nbsp; We use a platform that allows the creation of flash cards, spelling and writing exercises and games (e.g.: matching game) so we ha created a set of them which you can do online with a laptop or a mobile. Levels A1\/A1+ TermsVocabulary Learning LinkPicnic, food, cooking utensils and verbshttps:\/\/quizlet.com\/es\/624963475\/picnic-food-cooking-utensils-and-verbs-a1a2-flash-cards\/ Level A2+ TermsVocabulary Learning LinkCooking utensils and verbshttps:\/\/quizlet.com\/es\/633504975\/kitchen-utensils-and-cooking-verbs-a2-flash-cards\/Health problemshttps:\/\/quizlet.com\/es\/625520743\/health-problems-a2-flash-cards\/Technology and related phrasal verbshttps:\/\/quizlet.com\/es\/625294439\/technology-and-phrasal-verbs-a2b1-flash-cards\/ Level B1 TermsVocabulary Learning LinkSurvivalhttps:\/\/quizlet.com\/es\/643636594\/survival-b1-flash-cards\/Adventure and exciting lifestylehttps:\/\/quizlet.com\/es\/640755497\/adventure-and-exciting-lifestyle-b1-flash-cards\/What is art?https:\/\/quizlet.com\/es\/651865243\/what-is-art-b1-flash-cards\/Life skillshttps:\/\/quizlet.com\/es\/630174455\/life-skills-b1-flash-cards\/ Level B1+\/B2 TermsVocabulary Learning LinkRelationshipshttps:\/\/quizlet.com\/es\/649428716\/relationships-b1b2-flash-cards\/ Level B2\/B2+ TermsVocabulary Learning LinkPandora papershttps:\/\/quizlet.com\/es\/641366401\/b2-b2-pandora-papers-flash-cards\/Social media&hellip;<\/p>\n","category_list_v2":"","author_info_v2":{"name":"Dani Domeque","url":"https:\/\/www.go-learner.com\/es\/author\/dani\/"},"comments_num_v2":"0 comentarios","jetpack_sharing_enabled":true,"_links":{"self":[{"href":"https:\/\/www.go-learner.com\/es\/wp-json\/wp\/v2\/pages\/1077","targetHints":{"allow":["GET"]}}],"collection":[{"href":"https:\/\/www.go-learner.com\/es\/wp-json\/wp\/v2\/pages"}],"about":[{"href":"https:\/\/www.go-learner.com\/es\/wp-json\/wp\/v2\/types\/page"}],"author":[{"embeddable":true,"href":"https:\/\/www.go-learner.com\/es\/wp-json\/wp\/v2\/users\/2"}],"replies":[{"embeddable":true,"href":"https:\/\/www.go-learner.com\/es\/wp-json\/wp\/v2\/comments?post=1077"}],"version-history":[{"count":44,"href":"https:\/\/www.go-learner.com\/es\/wp-json\/wp\/v2\/pages\/1077\/revisions"}],"predecessor-version":[{"id":1178,"href":"https:\/\/www.go-learner.com\/es\/wp-json\/wp\/v2\/pages\/1077\/revisions\/1178"}],"wp:attachment":[{"href":"https:\/\/www.go-learner.com\/es\/wp-json\/wp\/v2\/media?parent=1077"}],"curies":[{"name":"wp","href":"https:\/\/api.w.org\/{rel}","templated":true}]}}